{"id":3666,"date":"2025-03-14T23:25:30","date_gmt":"2025-03-15T04:25:30","guid":{"rendered":"https:\/\/colombiaev.co\/?post_type=product&#038;p=3666"},"modified":"2025-10-15T23:50:41","modified_gmt":"2025-10-16T04:50:41","slug":"adaptador-2-en-1-ccs1-ccs2-tipo-1-a-tipo-2","status":"publish","type":"product","link":"https:\/\/colombiaev.co\/?product=adaptador-2-en-1-ccs1-ccs2-tipo-1-a-tipo-2","title":{"rendered":"Adaptador 2 en 1 CCS1-CCS2, Tipo 1 a Tipo 2"},"content":{"rendered":"<h2>Descripci\u00f3n general<\/h2>\n<p>&nbsp;<\/p>\n<p>Conversor de conector CCS1 para veh\u00edculos con socket de carga CCS2 , potencia m\u00e1xima DC de 250KW, integrado con un conversor de Tipo 1 a Tipo 2, potencia m\u00e1xima AC de 8KW, garant\u00eda de 2 a\u00f1os.<\/p>\n<h2><\/h2>\n<h2>Caracter\u00edsticas t\u00e9cnicas<\/h2>\n<p>&nbsp;<\/p>\n<p>Potencia : DC 250KW o AC 8KW<\/p>\n<p>Corriente nominal: CC250A o CA 32A<\/p>\n<p>Material del conductor: Aleaci\u00f3n de cobre y titanio<\/p>\n<p>Material carcasa : Polioximetileno (inflamabilidad del aislante UL94 V0)<\/p>\n<p>Temperatura de funcionamiento -30 \u00b0C a 50 \u00b0C.<\/p>\n<p>Temperatura de almacenamiento: -30 \u00b0C a 85 \u00b0C<\/p>\n<p>Tensi\u00f3n nominal 500 ~ 1000V.<\/p>\n<p>Seguridad: Interruptor de doble temperatura. La carga se detiene cuando el adaptador alcanza los 90 \u00b0C<\/p>\n<p>Junta de sellado: Caucho silicona<\/p>\n<p>Seguridad: Cerradura antirrobo.<\/p>\n<p>Certificaci\u00f3n: CE, FCC<\/p>\n<p>Grado de protecci\u00f3n : IP55<\/p>\n<p>&nbsp;<\/p>\n<h2>Caracter\u00edsticas de protecci\u00f3n<\/h2>\n<p>&nbsp;<\/p>\n<p>Ign\u00edfugo<\/p>\n<p>Impermeable y a prueba de polvo<\/p>\n<p>&nbsp;<\/p>\n<p>&nbsp;<\/p>\n<p>&nbsp;<\/p>\n<h2>Accesorios incluidos<\/h2>\n<p>&nbsp;<\/p>\n<p>Maletin de transporte<\/p>\n<p>&nbsp;<\/p>\n<p>&nbsp;<\/p>\n<p>&nbsp;<\/p>\n<h2>Certificaciones<\/h2>\n<p>FCC<\/p>\n<p>CE<\/p>\n","protected":false},"excerpt":{"rendered":"<p>Descripci\u00f3n general &nbsp; Conversor de conector CCS1 para veh\u00edculos con socket de carga CCS2 , potencia m\u00e1xima DC de 250KW, integrado con un conversor de Tipo 1 a Tipo 2, potencia m\u00e1xima AC de 8KW, garant\u00eda de 2 a\u00f1os. Caracter\u00edsticas t\u00e9cnicas &nbsp; Potencia : DC 250KW o AC 8KW Corriente nominal: CC250A o CA 32A [&hellip;]<\/p>\n","protected":false},"featured_media":3693,"comment_status":"open","ping_status":"closed","template":"","meta":{"content-type":""},"product_cat":[40],"product_tag":[],"class_list":{"0":"post-3666","1":"product","2":"type-product","3":"status-publish","4":"has-post-thumbnail","6":"product_cat-adaptadores","8":"first","9":"instock","10":"shipping-taxable","11":"product-type-simple"},"_links":{"self":[{"href":"https:\/\/colombiaev.co\/index.php?rest_route=\/wp\/v2\/product\/3666","targetHints":{"allow":["GET"]}}],"collection":[{"href":"https:\/\/colombiaev.co\/index.php?rest_route=\/wp\/v2\/product"}],"about":[{"href":"https:\/\/colombiaev.co\/index.php?rest_route=\/wp\/v2\/types\/product"}],"replies":[{"embeddable":true,"href":"https:\/\/colombiaev.co\/index.php?rest_route=%2Fwp%2Fv2%2Fcomments&post=3666"}],"wp:featuredmedia":[{"embeddable":true,"href":"https:\/\/colombiaev.co\/index.php?rest_route=\/wp\/v2\/media\/3693"}],"wp:attachment":[{"href":"https:\/\/colombiaev.co\/index.php?rest_route=%2Fwp%2Fv2%2Fmedia&parent=3666"}],"wp:term":[{"taxonomy":"product_cat","embeddable":true,"href":"https:\/\/colombiaev.co\/index.php?rest_route=%2Fwp%2Fv2%2Fproduct_cat&post=3666"},{"taxonomy":"product_tag","embeddable":true,"href":"https:\/\/colombiaev.co\/index.php?rest_route=%2Fwp%2Fv2%2Fproduct_tag&post=3666"}],"curies":[{"name":"wp","href":"https:\/\/api.w.org\/{rel}","templated":true}]}}